{"id":733,"date":"2023-01-31T23:21:37","date_gmt":"2023-01-31T23:21:37","guid":{"rendered":"https:\/\/imagine-thailand.com\/?page_id=733"},"modified":"2023-12-14T08:12:07","modified_gmt":"2023-12-14T08:12:07","slug":"behandlung-haftungsausschluss","status":"publish","type":"page","link":"https:\/\/imagine-thailand.com\/de\/behandlung-haftungsausschluss\/","title":{"rendered":"Haftungsausschluss"},"content":{"rendered":"<div data-elementor-type=\"wp-page\" data-elementor-id=\"733\" class=\"elementor elementor-733\" data-elementor-post-type=\"page\">\n\t\t\t\t\t\t<section class=\"elementor-section elementor-top-section elementor-element elementor-element-6f25f8a elementor-section-boxed elementor-section-height-default elementor-section-height-default\" data-id=\"6f25f8a\" data-element_type=\"section\" data-settings=\"{&quot;jet_parallax_layout_list&quot;:[],&quot;background_background&quot;:&quot;classic&quot;}\">\n\t\t\t\t\t\t<div class=\"elementor-container elementor-column-gap-default\">\n\t\t\t\t\t<div class=\"elementor-column elementor-col-100 elementor-top-column elementor-element elementor-element-e77765e\" data-id=\"e77765e\" data-element_type=\"column\">\n\t\t\t<div class=\"elementor-widget-wrap elementor-element-populated\">\n\t\t\t\t\t\t<div class=\"elementor-element elementor-element-23722b5 elementor-widget elementor-widget-heading\" data-id=\"23722b5\" data-element_type=\"widget\" data-widget_type=\"heading.default\">\n\t\t\t\t<div class=\"elementor-widget-container\">\n\t\t\t\t\t<h1 class=\"elementor-heading-title elementor-size-default\">Haftungsausschluss<\/h1>\t\t\t\t<\/div>\n\t\t\t\t<\/div>\n\t\t\t\t\t<\/div>\n\t\t<\/div>\n\t\t\t\t\t<\/div>\n\t\t<\/section>\n\t\t\t\t<section class=\"elementor-section elementor-top-section elementor-element elementor-element-f7a3ac1 elementor-section-boxed elementor-section-height-default elementor-section-height-default\" data-id=\"f7a3ac1\" data-element_type=\"section\" data-settings=\"{&quot;jet_parallax_layout_list&quot;:[]}\">\n\t\t\t\t\t\t<div class=\"elementor-container elementor-column-gap-default\">\n\t\t\t\t\t<div class=\"elementor-column elementor-col-100 elementor-top-column elementor-element elementor-element-83d0275\" data-id=\"83d0275\" data-element_type=\"column\">\n\t\t\t<div class=\"elementor-widget-wrap elementor-element-populated\">\n\t\t\t\t\t\t<div class=\"elementor-element elementor-element-90e885c elementor-widget elementor-widget-text-editor\" data-id=\"90e885c\" data-element_type=\"widget\" data-widget_type=\"text-editor.default\">\n\t\t\t\t<div class=\"elementor-widget-container\">\n\t\t\t\t\t\t\t\t\t<p>Die Website www.imagine-thailand.com ist Eigentum von ImagineHealth Co., Ltd. Die auf dieser Website bereitgestellten Informationen dienen ausschlie\u00dflich der allgemeinen Information und Aufkl\u00e4rung. Die Informationen auf dieser Website sind nicht als Ersatz f\u00fcr eine professionelle medizinische Beratung, Diagnose oder Behandlung gedacht oder zu verstehen. Bitte wenden Sie sich an einen qualifizierten Gesundheitsdienstleister, wenn Sie Fragen oder Bedenken bez\u00fcglich Ihrer Gesundheit haben.<\/p><p>ImagineHealth \u00fcbernimmt keine Verantwortung f\u00fcr die Richtigkeit der Informationen, die auf dieser Website enthalten oder \u00fcber sie verf\u00fcgbar sind. Wir empfehlen Ihnen, alle Informationen, die Sie von oder \u00fcber diese Website erhalten haben, mit anderen Quellen abzugleichen und alle Informationen \u00fcber eine Erkrankung oder Behandlung mit Ihrem Arzt zu besprechen. IGNORIEREN SIE NIEMALS DEN RAT EINES ARZTES UND Z\u00d6GERN SIE NICHT, EINEN ARZT AUFZUSUCHEN, NUR WEIL SIE ETWAS AUF DIESER WEBSITE GELESEN ODER \u00dcBER SIE ABGERUFEN HABEN.<\/p><p>ImagineHealth empfiehlt, unterst\u00fctzt oder vertritt nicht die Wirksamkeit, Angemessenheit oder Eignung bestimmter Tests, Produkte, Verfahren, Behandlungen, Dienstleistungen, Meinungen, Gesundheitsdienstleister oder anderer Informationen, die auf dieser Website enthalten oder \u00fcber diese verf\u00fcgbar sind. IMAGINEHEALTH IST DAHER WEDER VERANTWORTLICH NOCH HAFTBAR F\u00dcR RATSCHL\u00c4GE, BEHANDLUNGEN, DIAGNOSEN ODER ANDERE INFORMATIONEN, DIENSTLEISTUNGEN ODER PRODUKTE, DIE SIE \u00dcBER DIESE WEBSITE ERHALTEN.<\/p><p>Die von ImagineHealth vermittelten medizinischen Behandlungen und Dienstleistungen werden von unabh\u00e4ngigen medizinischen Anbietern durchgef\u00fchrt. ImagineHealth ist nicht f\u00fcr Handlungen oder Unterlassungen dieser Anbieter verantwortlich. Bitte wenden Sie sich an den medizinischen Anbieter, wenn Sie Fragen oder Bedenken bez\u00fcglich Ihrer Behandlung oder Pflege haben.<\/p><p>Wenn Sie glauben, dass Sie einen medizinischen Notfall haben, wenden Sie sich an Ihren Arzt, suchen Sie die n\u00e4chste Notaufnahme eines Krankenhauses auf oder rufen Sie sofort den Notdienst. Wenn Sie sich auf die von ImagineHealth bereitgestellten Informationen verlassen, tun Sie dies ausschlie\u00dflich auf Ihr eigenes Risiko.<\/p><p>Externe (ausgehende) Links zu anderen Websites oder Bildungsmaterialien (z.B. pdf), die nicht ausdr\u00fccklich von ImagineHealth erstellt wurden, folgen Sie auf eigenes Risiko. ImagineHealth ist unter keinen Umst\u00e4nden f\u00fcr die Anspr\u00fcche von Websites Dritter oder Bildungsanbietern verantwortlich.<\/p><p>Mit der Nutzung dieser Website erkl\u00e4ren Sie sich damit einverstanden, dass ImagineHealth nicht f\u00fcr Verluste, Sch\u00e4den, Verletzungen oder sonstige Haftungen verantwortlich oder haftbar ist, die sich aus der Nutzung der Website oder der auf der Website bereitgestellten Informationen ergeben k\u00f6nnten.<\/p><p>Wenn Sie Fragen oder Bedenken bez\u00fcglich des medizinischen Haftungsausschlusses haben, wenden Sie sich bitte an ImagineHealth unter contact@imaginehealth.io oder +66 (0) 6226 999 22.<\/p>\t\t\t\t\t\t\t\t<\/div>\n\t\t\t\t<\/div>\n\t\t\t\t\t<\/div>\n\t\t<\/div>\n\t\t\t\t\t<\/div>\n\t\t<\/section>\n\t\t\t\t<\/div>","protected":false},"excerpt":{"rendered":"<p>Treatment Disclaimer The website www.imagine-thailand.com is owned by ImagineHealth Co., Ltd. The information provided on this website is intended for general information and educational purposes only. The information on this site is not intended or implied as a substitute for professional medical advice, diagnosis, or treatment. Please seek the advice of a qualified healthcare provider&hellip;&nbsp;<a href=\"https:\/\/imagine-thailand.com\/de\/behandlung-haftungsausschluss\/\" rel=\"bookmark\">Weiterlesen \"<span class=\"screen-reader-text\">Haftungsausschluss<\/span><\/a><\/p>","protected":false},"author":1,"featured_media":0,"parent":0,"menu_order":0,"comment_status":"closed","ping_status":"closed","template":"page-templates\/template-pagebuilder-full-width.php","meta":{"neve_meta_sidebar":"","neve_meta_container":"","neve_meta_enable_content_width":"","neve_meta_content_width":0,"neve_meta_title_alignment":"","neve_meta_author_avatar":"","neve_post_elements_order":"","neve_meta_disable_header":"","neve_meta_disable_footer":"","neve_meta_disable_title":"","footnotes":""},"ppma_author":[34],"class_list":["post-733","page","type-page","status-publish","hentry"],"yoast_head":"<!-- This site is optimized with the Yoast SEO Premium plugin v26.3 (Yoast SEO v26.3) - https:\/\/yoast.com\/wordpress\/plugins\/seo\/ -->\n<title>Informed Decisions: Transparent Treatment Information<\/title>\n<meta name=\"description\" content=\"Dedicated to transparency, we provide accurate treatment information, detailing potential risks and benefits for your informed decisions.\" \/>\n<meta name=\"robots\" content=\"index, follow, max-snippet:-1, max-image-preview:large, max-video-preview:-1\" \/>\n<link rel=\"canonical\" href=\"https:\/\/imagine-thailand.com\/de\/behandlung-haftungsausschluss\/\" \/>\n<meta property=\"og:locale\" content=\"de_DE\" \/>\n<meta property=\"og:type\" content=\"article\" \/>\n<meta property=\"og:title\" content=\"Treatment Disclaimer\" \/>\n<meta property=\"og:description\" content=\"Dedicated to transparency, we provide accurate treatment information, detailing potential risks and benefits for your informed decisions.\" \/>\n<meta property=\"og:url\" content=\"https:\/\/imagine-thailand.com\/de\/behandlung-haftungsausschluss\/\" \/>\n<meta property=\"og:site_name\" content=\"Imagine Thailand\" \/>\n<meta property=\"article:publisher\" content=\"https:\/\/www.facebook.com\/ImagineHealthThailand\" \/>\n<meta property=\"article:modified_time\" content=\"2023-12-14T08:12:07+00:00\" \/>\n<meta property=\"og:image\" content=\"https:\/\/imagine-thailand.com\/wp-content\/uploads\/2023\/04\/Logo.png\" \/>\n\t<meta property=\"og:image:width\" content=\"1200\" \/>\n\t<meta property=\"og:image:height\" content=\"675\" \/>\n\t<meta property=\"og:image:type\" content=\"image\/png\" \/>\n<meta name=\"twitter:card\" content=\"summary_large_image\" \/>\n<meta name=\"twitter:label1\" content=\"Gesch\u00e4tzte Lesezeit\" \/>\n\t<meta name=\"twitter:data1\" content=\"2\u00a0Minuten\" \/>\n<script type=\"application\/ld+json\" class=\"yoast-schema-graph\">{\"@context\":\"https:\/\/schema.org\",\"@graph\":[{\"@type\":\"WebPage\",\"@id\":\"https:\/\/imagine-thailand.com\/treatment-disclaimer\/\",\"url\":\"https:\/\/imagine-thailand.com\/treatment-disclaimer\/\",\"name\":\"Informed Decisions: Transparent Treatment Information\",\"isPartOf\":{\"@id\":\"https:\/\/imagine-thailand.com\/#website\"},\"datePublished\":\"2023-01-31T23:21:37+00:00\",\"dateModified\":\"2023-12-14T08:12:07+00:00\",\"description\":\"Dedicated to transparency, we provide accurate treatment information, detailing potential risks and benefits for your informed decisions.\",\"breadcrumb\":{\"@id\":\"https:\/\/imagine-thailand.com\/treatment-disclaimer\/#breadcrumb\"},\"inLanguage\":\"de\",\"potentialAction\":[{\"@type\":\"ReadAction\",\"target\":[\"https:\/\/imagine-thailand.com\/treatment-disclaimer\/\"]}]},{\"@type\":\"BreadcrumbList\",\"@id\":\"https:\/\/imagine-thailand.com\/treatment-disclaimer\/#breadcrumb\",\"itemListElement\":[{\"@type\":\"ListItem\",\"position\":1,\"name\":\"Home\",\"item\":\"https:\/\/imagine-thailand.com\/\"},{\"@type\":\"ListItem\",\"position\":2,\"name\":\"Treatment Disclaimer\"}]},{\"@type\":\"WebSite\",\"@id\":\"https:\/\/imagine-thailand.com\/#website\",\"url\":\"https:\/\/imagine-thailand.com\/\",\"name\":\"ImagineHealth Thailand\",\"description\":\"Thailand Healthcare Is a World Away From Ordinary\",\"publisher\":{\"@id\":\"https:\/\/imagine-thailand.com\/#organization\"},\"alternateName\":\"IHT\",\"potentialAction\":[{\"@type\":\"SearchAction\",\"target\":{\"@type\":\"EntryPoint\",\"urlTemplate\":\"https:\/\/imagine-thailand.com\/?s={search_term_string}\"},\"query-input\":{\"@type\":\"PropertyValueSpecification\",\"valueRequired\":true,\"valueName\":\"search_term_string\"}}],\"inLanguage\":\"de\"},{\"@type\":\"Organization\",\"@id\":\"https:\/\/imagine-thailand.com\/#organization\",\"name\":\"ImagineHealth\",\"alternateName\":\"IH\",\"url\":\"https:\/\/imagine-thailand.com\/\",\"logo\":{\"@type\":\"ImageObject\",\"inLanguage\":\"de\",\"@id\":\"https:\/\/imagine-thailand.com\/#\/schema\/logo\/image\/\",\"url\":\"https:\/\/imagine-thailand.com\/wp-content\/uploads\/2023\/04\/Logo-1.png\",\"contentUrl\":\"https:\/\/imagine-thailand.com\/wp-content\/uploads\/2023\/04\/Logo-1.png\",\"width\":150,\"height\":150,\"caption\":\"ImagineHealth\"},\"image\":{\"@id\":\"https:\/\/imagine-thailand.com\/#\/schema\/logo\/image\/\"},\"sameAs\":[\"https:\/\/www.facebook.com\/ImagineHealthThailand\",\"https:\/\/www.linkedin.com\/company\/imaginehealthco\",\"https:\/\/www.instagram.com\/imagine__health\/\",\"https:\/\/www.youtube.com\/@ImagineHealththailand\"]}]}<\/script>\n<!-- \/ Yoast SEO Premium plugin. -->","yoast_head_json":{"title":"Informierte Entscheidungen: Transparente Informationen zur Behandlung","description":"Wir legen gro\u00dfen Wert auf Transparenz und bieten Ihnen genaue Informationen \u00fcber die Behandlung und die m\u00f6glichen Risiken und Vorteile, damit Sie eine fundierte Entscheidung treffen k\u00f6nnen.","robots":{"index":"index","follow":"follow","max-snippet":"max-snippet:-1","max-image-preview":"max-image-preview:large","max-video-preview":"max-video-preview:-1"},"canonical":"https:\/\/imagine-thailand.com\/de\/behandlung-haftungsausschluss\/","og_locale":"de_DE","og_type":"article","og_title":"Treatment Disclaimer","og_description":"Dedicated to transparency, we provide accurate treatment information, detailing potential risks and benefits for your informed decisions.","og_url":"https:\/\/imagine-thailand.com\/de\/behandlung-haftungsausschluss\/","og_site_name":"Imagine Thailand","article_publisher":"https:\/\/www.facebook.com\/ImagineHealthThailand","article_modified_time":"2023-12-14T08:12:07+00:00","og_image":[{"width":1200,"height":675,"url":"https:\/\/imagine-thailand.com\/wp-content\/uploads\/2023\/04\/Logo.png","type":"image\/png"}],"twitter_card":"summary_large_image","twitter_misc":{"Gesch\u00e4tzte Lesezeit":"2\u00a0Minuten"},"schema":{"@context":"https:\/\/schema.org","@graph":[{"@type":"WebPage","@id":"https:\/\/imagine-thailand.com\/treatment-disclaimer\/","url":"https:\/\/imagine-thailand.com\/treatment-disclaimer\/","name":"Informierte Entscheidungen: Transparente Informationen zur Behandlung","isPartOf":{"@id":"https:\/\/imagine-thailand.com\/#website"},"datePublished":"2023-01-31T23:21:37+00:00","dateModified":"2023-12-14T08:12:07+00:00","description":"Wir legen gro\u00dfen Wert auf Transparenz und bieten Ihnen genaue Informationen \u00fcber die Behandlung und die m\u00f6glichen Risiken und Vorteile, damit Sie eine fundierte Entscheidung treffen k\u00f6nnen.","breadcrumb":{"@id":"https:\/\/imagine-thailand.com\/treatment-disclaimer\/#breadcrumb"},"inLanguage":"de","potentialAction":[{"@type":"ReadAction","target":["https:\/\/imagine-thailand.com\/treatment-disclaimer\/"]}]},{"@type":"BreadcrumbList","@id":"https:\/\/imagine-thailand.com\/treatment-disclaimer\/#breadcrumb","itemListElement":[{"@type":"ListItem","position":1,"name":"Home","item":"https:\/\/imagine-thailand.com\/"},{"@type":"ListItem","position":2,"name":"Treatment Disclaimer"}]},{"@type":"WebSite","@id":"https:\/\/imagine-thailand.com\/#website","url":"https:\/\/imagine-thailand.com\/","name":"ImagineHealth Thailand","description":"Das thail\u00e4ndische Gesundheitswesen ist weit entfernt vom Gew\u00f6hnlichen","publisher":{"@id":"https:\/\/imagine-thailand.com\/#organization"},"alternateName":"IHT","potentialAction":[{"@type":"SearchAction","target":{"@type":"EntryPoint","urlTemplate":"https:\/\/imagine-thailand.com\/?s={search_term_string}"},"query-input":{"@type":"PropertyValueSpecification","valueRequired":true,"valueName":"search_term_string"}}],"inLanguage":"de"},{"@type":"Organization","@id":"https:\/\/imagine-thailand.com\/#organization","name":"ImagineHealth","alternateName":"IH","url":"https:\/\/imagine-thailand.com\/","logo":{"@type":"ImageObject","inLanguage":"de","@id":"https:\/\/imagine-thailand.com\/#\/schema\/logo\/image\/","url":"https:\/\/imagine-thailand.com\/wp-content\/uploads\/2023\/04\/Logo-1.png","contentUrl":"https:\/\/imagine-thailand.com\/wp-content\/uploads\/2023\/04\/Logo-1.png","width":150,"height":150,"caption":"ImagineHealth"},"image":{"@id":"https:\/\/imagine-thailand.com\/#\/schema\/logo\/image\/"},"sameAs":["https:\/\/www.facebook.com\/ImagineHealthThailand","https:\/\/www.linkedin.com\/company\/imaginehealthco","https:\/\/www.instagram.com\/imagine__health\/","https:\/\/www.youtube.com\/@ImagineHealththailand"]}]}},"_links":{"self":[{"href":"https:\/\/imagine-thailand.com\/de\/wp-json\/wp\/v2\/pages\/733","targetHints":{"allow":["GET"]}}],"collection":[{"href":"https:\/\/imagine-thailand.com\/de\/wp-json\/wp\/v2\/pages"}],"about":[{"href":"https:\/\/imagine-thailand.com\/de\/wp-json\/wp\/v2\/types\/page"}],"author":[{"embeddable":true,"href":"https:\/\/imagine-thailand.com\/de\/wp-json\/wp\/v2\/users\/1"}],"replies":[{"embeddable":true,"href":"https:\/\/imagine-thailand.com\/de\/wp-json\/wp\/v2\/comments?post=733"}],"version-history":[{"count":14,"href":"https:\/\/imagine-thailand.com\/de\/wp-json\/wp\/v2\/pages\/733\/revisions"}],"predecessor-version":[{"id":7206,"href":"https:\/\/imagine-thailand.com\/de\/wp-json\/wp\/v2\/pages\/733\/revisions\/7206"}],"wp:attachment":[{"href":"https:\/\/imagine-thailand.com\/de\/wp-json\/wp\/v2\/media?parent=733"}],"wp:term":[{"taxonomy":"author","embeddable":true,"href":"https:\/\/imagine-thailand.com\/de\/wp-json\/wp\/v2\/ppma_author?post=733"}],"curies":[{"name":"wp","href":"https:\/\/api.w.org\/{rel}","templated":true}]}}