{"id":2,"date":"2023-01-16T10:39:03","date_gmt":"2023-01-16T10:39:03","guid":{"rendered":"https:\/\/imagine-thailand.com\/?page_id=2"},"modified":"2023-01-16T10:39:03","modified_gmt":"2023-01-16T10:39:03","slug":"beispielseite-2","status":"publish","type":"page","link":"https:\/\/imagine-thailand.com\/de\/beispielseite-2\/","title":{"rendered":"Muster Seite"},"content":{"rendered":"<p>Dies ist eine Beispielseite. Sie unterscheidet sich von einem Blogbeitrag, weil sie an einem Ort bleibt und in der Navigation Ihrer Website angezeigt wird (in den meisten Themes). Die meisten Menschen beginnen mit einer \u00dcber-Seite, auf der sie sich potenziellen Besuchern der Website vorstellen. Sie k\u00f6nnte etwa so lauten:<\/p>\n\n\n\n<blockquote class=\"wp-block-quote is-layout-flow wp-block-quote-is-layout-flow\"><p>Hallo zusammen! Tags\u00fcber bin ich Fahrradkurier, nachts aufstrebender Schauspieler, und dies ist meine Website. Ich lebe in Los Angeles, habe einen tollen Hund namens Jack und mag Pi\u00f1a Coladas. (Und ich mag es, im Regen erwischt zu werden.)<\/p><\/blockquote>\n\n\n\n<p>...oder etwas in dieser Art:<\/p>\n\n\n\n<blockquote class=\"wp-block-quote is-layout-flow wp-block-quote-is-layout-flow\"><p>Die XYZ Doohickey Company wurde 1971 gegr\u00fcndet und stellt seitdem hochwertige Doohickeys f\u00fcr die \u00d6ffentlichkeit her. XYZ hat seinen Sitz in Gotham City und besch\u00e4ftigt \u00fcber 2.000 Mitarbeiter, die alle m\u00f6glichen gro\u00dfartigen Dinge f\u00fcr die Gotham Community tun.<\/p><\/blockquote>\n\n\n\n<p>Als neuer WordPress-Benutzer sollten Sie zu <a href=\"https:\/\/imagine-thailand.com\/wp-admin\/\">Ihr Armaturenbrett<\/a> um diese Seite zu l\u00f6schen und neue Seiten f\u00fcr Ihren Inhalt zu erstellen. Viel Spa\u00df!<\/p>","protected":false},"excerpt":{"rendered":"<p>This is an example page. It&#8217;s different from a blog post because it will stay in one place and will show up in your site navigation (in most themes). Most people start with an About page that introduces them to potential site visitors. It might say something like this: Hi there! I&#8217;m a bike messenger&hellip;&nbsp;<a href=\"https:\/\/imagine-thailand.com\/de\/beispielseite-2\/\" rel=\"bookmark\">Weiterlesen \"<span class=\"screen-reader-text\">Muster Seite<\/span><\/a><\/p>","protected":false},"author":1,"featured_media":0,"parent":0,"menu_order":0,"comment_status":"closed","ping_status":"open","template":"","meta":{"neve_meta_sidebar":"","neve_meta_container":"","neve_meta_enable_content_width":"","neve_meta_content_width":0,"neve_meta_title_alignment":"","neve_meta_author_avatar":"","neve_post_elements_order":"","neve_meta_disable_header":"","neve_meta_disable_footer":"","neve_meta_disable_title":"","footnotes":""},"ppma_author":[34],"class_list":["post-2","page","type-page","status-publish","hentry"],"yoast_head":"<!-- This site is optimized with the Yoast SEO Premium plugin v26.3 (Yoast SEO v26.3) - https:\/\/yoast.com\/wordpress\/plugins\/seo\/ -->\n<title>Sample Page - Imagine Thailand<\/title>\n<meta name=\"robots\" content=\"index, follow, max-snippet:-1, max-image-preview:large, max-video-preview:-1\" \/>\n<link rel=\"canonical\" href=\"https:\/\/imagine-thailand.com\/de\/beispielseite-2\/\" \/>\n<meta property=\"og:locale\" content=\"de_DE\" \/>\n<meta property=\"og:type\" content=\"article\" \/>\n<meta property=\"og:title\" content=\"Sample Page\" \/>\n<meta property=\"og:description\" content=\"This is an example page. It&#8217;s different from a blog post because it will stay in one place and will show up in your site navigation (in most themes). Most people start with an About page that introduces them to potential site visitors. It might say something like this: Hi there! I&#8217;m a bike messenger&hellip;&nbsp;Weiterlesen &raquo;Sample Page\" \/>\n<meta property=\"og:url\" content=\"https:\/\/imagine-thailand.com\/de\/beispielseite-2\/\" \/>\n<meta property=\"og:site_name\" content=\"Imagine Thailand\" \/>\n<meta property=\"article:publisher\" content=\"https:\/\/www.facebook.com\/ImagineHealthThailand\" \/>\n<meta property=\"og:image\" content=\"https:\/\/imagine-thailand.com\/wp-content\/uploads\/2023\/04\/Logo.png\" \/>\n\t<meta property=\"og:image:width\" content=\"1200\" \/>\n\t<meta property=\"og:image:height\" content=\"675\" \/>\n\t<meta property=\"og:image:type\" content=\"image\/png\" \/>\n<meta name=\"twitter:card\" content=\"summary_large_image\" \/>\n<meta name=\"twitter:label1\" content=\"Gesch\u00e4tzte Lesezeit\" \/>\n\t<meta name=\"twitter:data1\" content=\"1\u00a0Minute\" \/>\n<script type=\"application\/ld+json\" class=\"yoast-schema-graph\">{\"@context\":\"https:\/\/schema.org\",\"@graph\":[{\"@type\":\"WebPage\",\"@id\":\"https:\/\/imagine-thailand.com\/sample-page\/\",\"url\":\"https:\/\/imagine-thailand.com\/sample-page\/\",\"name\":\"Sample Page - Imagine Thailand\",\"isPartOf\":{\"@id\":\"https:\/\/imagine-thailand.com\/#website\"},\"datePublished\":\"2023-01-16T10:39:03+00:00\",\"breadcrumb\":{\"@id\":\"https:\/\/imagine-thailand.com\/sample-page\/#breadcrumb\"},\"inLanguage\":\"de\",\"potentialAction\":[{\"@type\":\"ReadAction\",\"target\":[\"https:\/\/imagine-thailand.com\/sample-page\/\"]}]},{\"@type\":\"BreadcrumbList\",\"@id\":\"https:\/\/imagine-thailand.com\/sample-page\/#breadcrumb\",\"itemListElement\":[{\"@type\":\"ListItem\",\"position\":1,\"name\":\"Home\",\"item\":\"https:\/\/imagine-thailand.com\/\"},{\"@type\":\"ListItem\",\"position\":2,\"name\":\"Sample Page\"}]},{\"@type\":\"WebSite\",\"@id\":\"https:\/\/imagine-thailand.com\/#website\",\"url\":\"https:\/\/imagine-thailand.com\/\",\"name\":\"ImagineHealth Thailand\",\"description\":\"Thailand Healthcare Is a World Away From Ordinary\",\"publisher\":{\"@id\":\"https:\/\/imagine-thailand.com\/#organization\"},\"alternateName\":\"IHT\",\"potentialAction\":[{\"@type\":\"SearchAction\",\"target\":{\"@type\":\"EntryPoint\",\"urlTemplate\":\"https:\/\/imagine-thailand.com\/?s={search_term_string}\"},\"query-input\":{\"@type\":\"PropertyValueSpecification\",\"valueRequired\":true,\"valueName\":\"search_term_string\"}}],\"inLanguage\":\"de\"},{\"@type\":\"Organization\",\"@id\":\"https:\/\/imagine-thailand.com\/#organization\",\"name\":\"ImagineHealth\",\"alternateName\":\"IH\",\"url\":\"https:\/\/imagine-thailand.com\/\",\"logo\":{\"@type\":\"ImageObject\",\"inLanguage\":\"de\",\"@id\":\"https:\/\/imagine-thailand.com\/#\/schema\/logo\/image\/\",\"url\":\"https:\/\/imagine-thailand.com\/wp-content\/uploads\/2023\/04\/Logo-1.png\",\"contentUrl\":\"https:\/\/imagine-thailand.com\/wp-content\/uploads\/2023\/04\/Logo-1.png\",\"width\":150,\"height\":150,\"caption\":\"ImagineHealth\"},\"image\":{\"@id\":\"https:\/\/imagine-thailand.com\/#\/schema\/logo\/image\/\"},\"sameAs\":[\"https:\/\/www.facebook.com\/ImagineHealthThailand\",\"https:\/\/www.linkedin.com\/company\/imaginehealthco\",\"https:\/\/www.instagram.com\/imagine__health\/\",\"https:\/\/www.youtube.com\/@ImagineHealththailand\"]}]}<\/script>\n<!-- \/ Yoast SEO Premium plugin. -->","yoast_head_json":{"title":"Beispielseite - Imagine Thailand","robots":{"index":"index","follow":"follow","max-snippet":"max-snippet:-1","max-image-preview":"max-image-preview:large","max-video-preview":"max-video-preview:-1"},"canonical":"https:\/\/imagine-thailand.com\/de\/beispielseite-2\/","og_locale":"de_DE","og_type":"article","og_title":"Sample Page","og_description":"This is an example page. It&#8217;s different from a blog post because it will stay in one place and will show up in your site navigation (in most themes). Most people start with an About page that introduces them to potential site visitors. It might say something like this: Hi there! I&#8217;m a bike messenger&hellip;&nbsp;Weiterlesen &raquo;Sample Page","og_url":"https:\/\/imagine-thailand.com\/de\/beispielseite-2\/","og_site_name":"Imagine Thailand","article_publisher":"https:\/\/www.facebook.com\/ImagineHealthThailand","og_image":[{"width":1200,"height":675,"url":"https:\/\/imagine-thailand.com\/wp-content\/uploads\/2023\/04\/Logo.png","type":"image\/png"}],"twitter_card":"summary_large_image","twitter_misc":{"Gesch\u00e4tzte Lesezeit":"1\u00a0Minute"},"schema":{"@context":"https:\/\/schema.org","@graph":[{"@type":"WebPage","@id":"https:\/\/imagine-thailand.com\/sample-page\/","url":"https:\/\/imagine-thailand.com\/sample-page\/","name":"Beispielseite - Imagine Thailand","isPartOf":{"@id":"https:\/\/imagine-thailand.com\/#website"},"datePublished":"2023-01-16T10:39:03+00:00","breadcrumb":{"@id":"https:\/\/imagine-thailand.com\/sample-page\/#breadcrumb"},"inLanguage":"de","potentialAction":[{"@type":"ReadAction","target":["https:\/\/imagine-thailand.com\/sample-page\/"]}]},{"@type":"BreadcrumbList","@id":"https:\/\/imagine-thailand.com\/sample-page\/#breadcrumb","itemListElement":[{"@type":"ListItem","position":1,"name":"Home","item":"https:\/\/imagine-thailand.com\/"},{"@type":"ListItem","position":2,"name":"Sample Page"}]},{"@type":"WebSite","@id":"https:\/\/imagine-thailand.com\/#website","url":"https:\/\/imagine-thailand.com\/","name":"ImagineHealth Thailand","description":"Das thail\u00e4ndische Gesundheitswesen ist weit entfernt vom Gew\u00f6hnlichen","publisher":{"@id":"https:\/\/imagine-thailand.com\/#organization"},"alternateName":"IHT","potentialAction":[{"@type":"SearchAction","target":{"@type":"EntryPoint","urlTemplate":"https:\/\/imagine-thailand.com\/?s={search_term_string}"},"query-input":{"@type":"PropertyValueSpecification","valueRequired":true,"valueName":"search_term_string"}}],"inLanguage":"de"},{"@type":"Organization","@id":"https:\/\/imagine-thailand.com\/#organization","name":"ImagineHealth","alternateName":"IH","url":"https:\/\/imagine-thailand.com\/","logo":{"@type":"ImageObject","inLanguage":"de","@id":"https:\/\/imagine-thailand.com\/#\/schema\/logo\/image\/","url":"https:\/\/imagine-thailand.com\/wp-content\/uploads\/2023\/04\/Logo-1.png","contentUrl":"https:\/\/imagine-thailand.com\/wp-content\/uploads\/2023\/04\/Logo-1.png","width":150,"height":150,"caption":"ImagineHealth"},"image":{"@id":"https:\/\/imagine-thailand.com\/#\/schema\/logo\/image\/"},"sameAs":["https:\/\/www.facebook.com\/ImagineHealthThailand","https:\/\/www.linkedin.com\/company\/imaginehealthco","https:\/\/www.instagram.com\/imagine__health\/","https:\/\/www.youtube.com\/@ImagineHealththailand"]}]}},"_links":{"self":[{"href":"https:\/\/imagine-thailand.com\/de\/wp-json\/wp\/v2\/pages\/2","targetHints":{"allow":["GET"]}}],"collection":[{"href":"https:\/\/imagine-thailand.com\/de\/wp-json\/wp\/v2\/pages"}],"about":[{"href":"https:\/\/imagine-thailand.com\/de\/wp-json\/wp\/v2\/types\/page"}],"author":[{"embeddable":true,"href":"https:\/\/imagine-thailand.com\/de\/wp-json\/wp\/v2\/users\/1"}],"replies":[{"embeddable":true,"href":"https:\/\/imagine-thailand.com\/de\/wp-json\/wp\/v2\/comments?post=2"}],"version-history":[{"count":0,"href":"https:\/\/imagine-thailand.com\/de\/wp-json\/wp\/v2\/pages\/2\/revisions"}],"wp:attachment":[{"href":"https:\/\/imagine-thailand.com\/de\/wp-json\/wp\/v2\/media?parent=2"}],"wp:term":[{"taxonomy":"author","embeddable":true,"href":"https:\/\/imagine-thailand.com\/de\/wp-json\/wp\/v2\/ppma_author?post=2"}],"curies":[{"name":"wp","href":"https:\/\/api.w.org\/{rel}","templated":true}]}}